{"id":730,"date":"2017-12-16T13:40:10","date_gmt":"2017-12-16T12:40:10","guid":{"rendered":"http:\/\/www.kinoteatrbluboks.com\/?page_id=730"},"modified":"2019-10-25T12:25:14","modified_gmt":"2019-10-25T10:25:14","slug":"text-info-informacje-o-tekstach","status":"publish","type":"page","link":"https:\/\/www.kinoteatrbluboks.com\/index.php\/text-info-informacje-o-tekstach\/","title":{"rendered":"INFORMACJE O TEKSTACH"},"content":{"rendered":"<h1>Teksty polskie: Katarzyna Wi\u0144ska<br \/>\nEseje: Magdalena Hasiuk<br \/>\nT\u0142umaczenie: S\u00f8ren Gauger<br \/>\nDesign by <a href=\"http:\/\/www.noviki.net\" target=\"_blank\" rel=\"noopener\">post-noviki<\/a><\/h1>\n<h1>Magazyn Glamour Extravaganza<\/h1>\n<h1 style=\"text-align: center;\">Pr\u00f3ba przedstawienia prawdy o Kampie i Modzie Glamour jednocze\u015bnie.<span class=\"Apple-converted-space\">\u00a0<\/span>Magazyn szuka z\u0142otego \u015brodka zestawiaj\u0105c mi\u0142o\u015b\u0107 Kampu do sztuczno\u015bci\u00a0i przesady z mi\u0142o\u015bci\u0105 Glamour\u2019u do drapie\u017cnego pi\u0119kna.<span class=\"Apple-converted-space\">\u00a0<\/span>Aktorzy Teatru Bluboks &#8211;<span class=\"Apple-converted-space\">\u00a0 <\/span>ludzie zmarginalizowani na scenie zostaj\u0105<span class=\"Apple-converted-space\">\u00a0<\/span>wepchni\u0119ci do \u201emainstream\u2019u\u201d, by bez powodzenia odgrywa\u0107 powag\u0119\u00a0bie\u017c\u0105cych niepokoj\u00f3w spo\u0142ecznych, polaryzacji w polityce i kulturze.<span class=\"Apple-converted-space\">\u00a0 \u00a0<\/span><\/h1>\n","protected":false},"excerpt":{"rendered":"<p>Teksty polskie: Katarzyna Wi\u0144ska Eseje: Magdalena Hasiuk T\u0142umaczenie: S\u00f8ren Gauger Design by post-noviki Magazyn Glamour Extravaganza Pr\u00f3ba przedstawienia prawdy o Kampie i Modzie Glamour jednocze\u015bnie.\u00a0Magazyn szuka z\u0142otego \u015brodka zestawiaj\u0105c mi\u0142o\u015b\u0107 Kampu do sztuczno\u015bci\u00a0i przesady z mi\u0142o\u015bci\u0105 Glamour\u2019u do drapie\u017cnego pi\u0119kna.\u00a0Aktorzy Teatru Bluboks &#8211;\u00a0 ludzie zmarginalizowani na scenie zostaj\u0105\u00a0wepchni\u0119ci do \u201emainstream\u2019u\u201d, by bez powodzenia odgrywa\u0107 powag\u0119\u00a0bie\u017c\u0105cych&hellip;<\/p>\n","protected":false},"author":1,"featured_media":0,"parent":0,"menu_order":0,"comment_status":"closed","ping_status":"closed","template":"","meta":{"_acf_changed":false,"footnotes":""},"class_list":["post-730","page","type-page","status-publish","hentry"],"acf":[],"_links":{"self":[{"href":"https:\/\/www.kinoteatrbluboks.com\/index.php\/wp-json\/wp\/v2\/pages\/730","targetHints":{"allow":["GET"]}}],"collection":[{"href":"https:\/\/www.kinoteatrbluboks.com\/index.php\/wp-json\/wp\/v2\/pages"}],"about":[{"href":"https:\/\/www.kinoteatrbluboks.com\/index.php\/wp-json\/wp\/v2\/types\/page"}],"author":[{"embeddable":true,"href":"https:\/\/www.kinoteatrbluboks.com\/index.php\/wp-json\/wp\/v2\/users\/1"}],"replies":[{"embeddable":true,"href":"https:\/\/www.kinoteatrbluboks.com\/index.php\/wp-json\/wp\/v2\/comments?post=730"}],"version-history":[{"count":13,"href":"https:\/\/www.kinoteatrbluboks.com\/index.php\/wp-json\/wp\/v2\/pages\/730\/revisions"}],"predecessor-version":[{"id":1411,"href":"https:\/\/www.kinoteatrbluboks.com\/index.php\/wp-json\/wp\/v2\/pages\/730\/revisions\/1411"}],"wp:attachment":[{"href":"https:\/\/www.kinoteatrbluboks.com\/index.php\/wp-json\/wp\/v2\/media?parent=730"}],"curies":[{"name":"wp","href":"https:\/\/api.w.org\/{rel}","templated":true}]}}